{"id":63,"date":"2021-11-03T23:16:45","date_gmt":"2021-11-03T23:16:45","guid":{"rendered":"https:\/\/www.poliham.polimi.it\/?page_id=63"},"modified":"2021-12-03T10:02:51","modified_gmt":"2021-12-03T10:02:51","slug":"il-progetto","status":"publish","type":"page","link":"https:\/\/www.poliham.polimi.it\/?page_id=63","title":{"rendered":"Il Progetto"},"content":{"rendered":"\t\t<div data-elementor-type=\"wp-page\" data-elementor-id=\"63\" class=\"elementor elementor-63\">\n\t\t\t\t\t\t<section class=\"elementor-section elementor-top-section elementor-element elementor-element-22d107c elementor-section-boxed elementor-section-height-default elementor-section-height-default\" data-id=\"22d107c\" data-element_type=\"section\" data-e-type=\"section\" data-settings=\"{&quot;background_background&quot;:&quot;classic&quot;}\">\n\t\t\t\t\t\t<div class=\"elementor-container elementor-column-gap-default\">\n\t\t\t\t\t<div class=\"elementor-column elementor-col-100 elementor-top-column elementor-element elementor-element-4853ccd\" data-id=\"4853ccd\" data-element_type=\"column\" data-e-type=\"column\">\n\t\t\t<div class=\"elementor-widget-wrap elementor-element-populated\">\n\t\t\t\t\t\t<div class=\"elementor-element elementor-element-0a3984c elementor-widget elementor-widget-heading\" data-id=\"0a3984c\" data-element_type=\"widget\" data-e-type=\"widget\" data-widget_type=\"heading.default\">\n\t\t\t\t<div class=\"elementor-widget-container\">\n\t\t\t\t\t<h1 class=\"elementor-heading-title elementor-size-default\">IL PROGETTO<\/h1>\t\t\t\t<\/div>\n\t\t\t\t<\/div>\n\t\t\t\t\t<\/div>\n\t\t<\/div>\n\t\t\t\t\t<\/div>\n\t\t<\/section>\n\t\t\t\t<section class=\"elementor-section elementor-top-section elementor-element elementor-element-de82c37 elementor-section-boxed elementor-section-height-default elementor-section-height-default\" data-id=\"de82c37\" data-element_type=\"section\" data-e-type=\"section\">\n\t\t\t\t\t\t<div class=\"elementor-container elementor-column-gap-default\">\n\t\t\t\t\t<div class=\"elementor-column elementor-col-50 elementor-top-column elementor-element elementor-element-d661d8b\" data-id=\"d661d8b\" data-element_type=\"column\" data-e-type=\"column\">\n\t\t\t<div class=\"elementor-widget-wrap elementor-element-populated\">\n\t\t\t\t\t\t<div class=\"elementor-element elementor-element-e5c490c elementor-widget elementor-widget-image\" data-id=\"e5c490c\" data-element_type=\"widget\" data-e-type=\"widget\" data-widget_type=\"image.default\">\n\t\t\t\t<div class=\"elementor-widget-container\">\n\t\t\t\t\t\t\t\t\t\t\t\t\t\t\t<img fetchpriority=\"high\" decoding=\"async\" width=\"1024\" height=\"768\" src=\"https:\/\/www.poliham.polimi.it\/wp-content\/uploads\/2021\/11\/3613737456_5a2856b58b_h-1024x768.jpg\" class=\"attachment-large size-large wp-image-72\" alt=\"\" srcset=\"https:\/\/www.poliham.polimi.it\/wp-content\/uploads\/2021\/11\/3613737456_5a2856b58b_h-1024x768.jpg 1024w, https:\/\/www.poliham.polimi.it\/wp-content\/uploads\/2021\/11\/3613737456_5a2856b58b_h-300x225.jpg 300w, https:\/\/www.poliham.polimi.it\/wp-content\/uploads\/2021\/11\/3613737456_5a2856b58b_h-768x576.jpg 768w, https:\/\/www.poliham.polimi.it\/wp-content\/uploads\/2021\/11\/3613737456_5a2856b58b_h-1536x1152.jpg 1536w, https:\/\/www.poliham.polimi.it\/wp-content\/uploads\/2021\/11\/3613737456_5a2856b58b_h.jpg 1600w\" sizes=\"(max-width: 1024px) 100vw, 1024px\" \/>\t\t\t\t\t\t\t\t\t\t\t\t\t\t\t<\/div>\n\t\t\t\t<\/div>\n\t\t\t\t\t<\/div>\n\t\t<\/div>\n\t\t\t\t<div class=\"elementor-column elementor-col-50 elementor-top-column elementor-element elementor-element-528bfab\" data-id=\"528bfab\" data-element_type=\"column\" data-e-type=\"column\">\n\t\t\t<div class=\"elementor-widget-wrap elementor-element-populated\">\n\t\t\t\t\t\t<div class=\"elementor-element elementor-element-120e495 elementor-widget elementor-widget-text-editor\" data-id=\"120e495\" data-element_type=\"widget\" data-e-type=\"widget\" data-widget_type=\"text-editor.default\">\n\t\t\t\t<div class=\"elementor-widget-container\">\n\t\t\t\t\t\t\t\t\t<p>Nel passato recente si \u00e8 parlato molto della necessit\u00e0 di potenziare l\u2019educazione cosiddetta \u201cSTEM\u201d (Scientifica, Tecnica, Ingegneristica e Matematica) al fine di aumentare la competitivit\u00e0 del sistema Paese. Si \u00e8 anche discusso su come rinnovare la didattica per favorire negli studenti lo sviluppo di competenze trasversali, di soft e social skill.<\/p><p>Nell\u2019ambito dell\u2019ingegneria, in particolare, molti corsi sono tradizionalmente focalizzati sugli aspetti teorici e spesso utilizzano solo strumenti di simulazione per approfondire i concetti appresi a lezione. Poco o nulla viene detto sulle problematiche legate alla multidisciplinariet\u00e0 del mondo lavorativo reale e manca la possibilit\u00e0 di acquisire abilit\u00e0 legate all\u2019esperienza \u201csul campo\u201d (\u201chands-on\u201d).<\/p>\t\t\t\t\t\t\t\t<\/div>\n\t\t\t\t<\/div>\n\t\t\t\t\t<\/div>\n\t\t<\/div>\n\t\t\t\t\t<\/div>\n\t\t<\/section>\n\t\t\t\t<section class=\"elementor-section elementor-top-section elementor-element elementor-element-c058320 elementor-section-boxed elementor-section-height-default elementor-section-height-default\" data-id=\"c058320\" data-element_type=\"section\" data-e-type=\"section\">\n\t\t\t\t\t\t<div class=\"elementor-container elementor-column-gap-default\">\n\t\t\t\t\t<div class=\"elementor-column elementor-col-100 elementor-top-column elementor-element elementor-element-49676de\" data-id=\"49676de\" data-element_type=\"column\" data-e-type=\"column\">\n\t\t\t<div class=\"elementor-widget-wrap elementor-element-populated\">\n\t\t\t\t\t\t<div class=\"elementor-element elementor-element-78467fe elementor-widget elementor-widget-text-editor\" data-id=\"78467fe\" data-element_type=\"widget\" data-e-type=\"widget\" data-widget_type=\"text-editor.default\">\n\t\t\t\t<div class=\"elementor-widget-container\">\n\t\t\t\t\t\t\t\t\t<p>Sotto questo aspetto, la radio amatoriale rappresenta uno strumento formidabile a disposizione di docenti e studenti che desiderino integrare le conoscenze teoriche con le competenze necessarie alla realizzazione di circuiti e all\u2019integrazione di sistemi reali. Non sorprende quindi che Universit\u00e0 tecniche prestigiose abbiano da sempre creduto nel ruolo didattico della radio amatoriale e abbiano messo a disposizione di studenti e docenti stazioni radioamatoriali di Ateneo; citiamo \u2013 senza essere esaustivi \u2013 MIT, Harvard, Yale, Stanford, Caltech, ETH, Cambridge, Stoccarda, Uni Tokio e Twente.<\/p><p>Anche le associazioni professionali hanno riconosciuto il ruolo dell\u2019attivit\u00e0 radioamatoriale nella formazione di ingegneri qualificati; ad esempio, nel 2015 il Presidente della IEEE Communications Society ha \u201cchiamato a raccolta\u201d i radioamatori della Society per dar vita ad una serie di attivit\u00e0, inclusa la creazione uno \u201cspecial interest group\u201d; il ruolo formativo del radio amatoriale \u00e8 stato inoltre ribadito in un articolo apparso sul IEEE Microwave Magazine nel 2016.<\/p>\t\t\t\t\t\t\t\t<\/div>\n\t\t\t\t<\/div>\n\t\t\t\t\t<\/div>\n\t\t<\/div>\n\t\t\t\t\t<\/div>\n\t\t<\/section>\n\t\t\t\t<\/div>\n\t\t","protected":false},"excerpt":{"rendered":"<p>IL PROGETTO Nel passato recente si \u00e8 parlato molto della necessit\u00e0 di potenziare l\u2019educazione cosiddetta \u201cSTEM\u201d (Scientifica, Tecnica, Ingegneristica e Matematica) al fine di aumentare la competitivit\u00e0 del sistema Paese. Si \u00e8 anche discusso su come rinnovare la didattica per favorire negli studenti lo sviluppo di competenze trasversali, di soft e social skill. Nell\u2019ambito dell\u2019ingegneria,&#8230;<\/p>\n","protected":false},"author":2,"featured_media":0,"parent":0,"menu_order":0,"comment_status":"closed","ping_status":"closed","template":"","meta":{"_kad_post_transparent":"","_kad_post_title":"hide","_kad_post_layout":"fullwidth","_kad_post_sidebar_id":"","_kad_post_content_style":"unboxed","_kad_post_vertical_padding":"hide","_kad_post_feature":"hide","_kad_post_feature_position":"","_kad_post_header":false,"_kad_post_footer":false,"_kad_post_classname":"","footnotes":""},"class_list":["post-63","page","type-page","status-publish","hentry"],"_links":{"self":[{"href":"https:\/\/www.poliham.polimi.it\/index.php?rest_route=\/wp\/v2\/pages\/63","targetHints":{"allow":["GET"]}}],"collection":[{"href":"https:\/\/www.poliham.polimi.it\/index.php?rest_route=\/wp\/v2\/pages"}],"about":[{"href":"https:\/\/www.poliham.polimi.it\/index.php?rest_route=\/wp\/v2\/types\/page"}],"author":[{"embeddable":true,"href":"https:\/\/www.poliham.polimi.it\/index.php?rest_route=\/wp\/v2\/users\/2"}],"replies":[{"embeddable":true,"href":"https:\/\/www.poliham.polimi.it\/index.php?rest_route=%2Fwp%2Fv2%2Fcomments&post=63"}],"version-history":[{"count":10,"href":"https:\/\/www.poliham.polimi.it\/index.php?rest_route=\/wp\/v2\/pages\/63\/revisions"}],"predecessor-version":[{"id":199,"href":"https:\/\/www.poliham.polimi.it\/index.php?rest_route=\/wp\/v2\/pages\/63\/revisions\/199"}],"wp:attachment":[{"href":"https:\/\/www.poliham.polimi.it\/index.php?rest_route=%2Fwp%2Fv2%2Fmedia&parent=63"}],"curies":[{"name":"wp","href":"https:\/\/api.w.org\/{rel}","templated":true}]}}